{"id":11095,"date":"2018-02-04T15:43:20","date_gmt":"2018-02-04T15:43:20","guid":{"rendered":"http:\/\/rifetheme.com\/unicorn\/?page_id=11095"},"modified":"2022-11-17T20:51:28","modified_gmt":"2022-11-17T20:51:28","slug":"ueber_uns","status":"publish","type":"page","link":"https:\/\/karaboards.com\/en\/ueber_uns\/","title":{"rendered":"About us"},"content":{"rendered":"\t\t<div data-elementor-type=\"wp-post\" data-elementor-id=\"11095\" class=\"elementor elementor-11095\">\n\t\t\t\t\t\t<section class=\"elementor-section elementor-top-section elementor-element elementor-element-6962e2f0 elementor-section-stretched elementor-section-boxed elementor-section-height-default elementor-section-height-default\" data-id=\"6962e2f0\" data-element_type=\"section\" data-e-type=\"section\" data-settings=\"{&quot;stretch_section&quot;:&quot;section-stretched&quot;,&quot;background_background&quot;:&quot;slideshow&quot;,&quot;background_slideshow_gallery&quot;:[{&quot;id&quot;:11641,&quot;url&quot;:&quot;https:\\\/\\\/karaboards.com\\\/wp-content\\\/uploads\\\/2022\\\/05\\\/IMG_20220118_184710_431.png&quot;},{&quot;id&quot;:11642,&quot;url&quot;:&quot;https:\\\/\\\/karaboards.com\\\/wp-content\\\/uploads\\\/2022\\\/05\\\/IMG_20220118_185539_170.png&quot;},{&quot;id&quot;:11643,&quot;url&quot;:&quot;https:\\\/\\\/karaboards.com\\\/wp-content\\\/uploads\\\/2022\\\/05\\\/IMG_20220118_185719_308.png&quot;},{&quot;id&quot;:11644,&quot;url&quot;:&quot;https:\\\/\\\/karaboards.com\\\/wp-content\\\/uploads\\\/2022\\\/05\\\/IMG_20220118_190046_179.png&quot;},{&quot;id&quot;:11647,&quot;url&quot;:&quot;https:\\\/\\\/karaboards.com\\\/wp-content\\\/uploads\\\/2022\\\/05\\\/IMG_20220118_184313_256.png&quot;},{&quot;id&quot;:11648,&quot;url&quot;:&quot;https:\\\/\\\/karaboards.com\\\/wp-content\\\/uploads\\\/2022\\\/05\\\/IMG_20220119_182419_573.png&quot;}],&quot;background_slideshow_transition_duration&quot;:2000,&quot;background_slideshow_loop&quot;:&quot;yes&quot;,&quot;background_slideshow_slide_transition&quot;:&quot;fade&quot;}\">\n\t\t\t\t\t\t\t<div class=\"elementor-background-overlay\"><\/div>\n\t\t\t\t\t\t\t<div class=\"elementor-container elementor-column-gap-default\">\n\t\t\t\t\t<div class=\"elementor-column elementor-col-100 elementor-top-column elementor-element elementor-element-513d0c2\" data-id=\"513d0c2\" data-element_type=\"column\" data-e-type=\"column\">\n\t\t\t<div class=\"elementor-widget-wrap elementor-element-populated\">\n\t\t\t\t\t\t<div class=\"elementor-element elementor-element-1d050596 elementor-widget elementor-widget-heading\" data-id=\"1d050596\" data-element_type=\"widget\" data-e-type=\"widget\" data-widget_type=\"heading.default\">\n\t\t\t\t<div class=\"elementor-widget-container\">\n\t\t\t\t\t<h2 class=\"elementor-heading-title elementor-size-default\">SHAPE | RIDE | EXPLORE<\/h2>\t\t\t\t<\/div>\n\t\t\t\t<\/div>\n\t\t\t\t<div class=\"elementor-element elementor-element-15cdacec elementor-widget elementor-widget-heading\" data-id=\"15cdacec\" data-element_type=\"widget\" data-e-type=\"widget\" data-widget_type=\"heading.default\">\n\t\t\t\t<div class=\"elementor-widget-container\">\n\t\t\t\t\t<h2 class=\"elementor-heading-title elementor-size-default\">Ein paar Worte \u00fcber UNS<\/h2>\t\t\t\t<\/div>\n\t\t\t\t<\/div>\n\t\t\t\t<section class=\"elementor-section elementor-inner-section elementor-element elementor-element-ec2745f elementor-section-boxed elementor-section-height-default elementor-section-height-default\" data-id=\"ec2745f\" data-element_type=\"section\" data-e-type=\"section\">\n\t\t\t\t\t\t<div class=\"elementor-container elementor-column-gap-default\">\n\t\t\t\t\t<div class=\"elementor-column elementor-col-100 elementor-inner-column elementor-element elementor-element-98069c4\" data-id=\"98069c4\" data-element_type=\"column\" data-e-type=\"column\">\n\t\t\t<div class=\"elementor-widget-wrap elementor-element-populated\">\n\t\t\t\t\t\t<div class=\"elementor-element elementor-element-33fa279 elementor-widget elementor-widget-text-editor\" data-id=\"33fa279\" data-element_type=\"widget\" data-e-type=\"widget\" data-widget_type=\"text-editor.default\">\n\t\t\t\t<div class=\"elementor-widget-container\">\n\t\t\t\t\t\t\t\t\t<p>Die Reise von KARA begann im Jahr 2019, zu Beginn der Pandemie. Als Vollzeit-Fahrzeugtechnik-Ingenieur sp\u00fcrte ich, Raul, die gro\u00dfen Auswirkungen der Pandemie auf die Branche. Aufgrund bestimmter Umst\u00e4nde, wie Lockdowns und Kurzarbeit, war ich auf der Suche nach einem neuen Hobby, um damit die (ungewollt) neu hinzugewonnene Freizeit zu f\u00fcllen. Als landgebundener Surfer vermisste ich das Gef\u00fchl, auf einem Brett zu stehen, das von den Wellen des Ozeans angetrieben wird, so sehr, dass ich den Entschluss fasste, dieses Gef\u00fchl so gut wie m\u00f6glich zu simulieren: die Idee, elektrische Skateboards zu bauen, war geboren. W\u00e4hrend ich all diese Boards baute, merkte ich, dass mir am gesamten Bau- und Entwicklugnsprozess die Arbeit mit Holz am meisten Spa\u00df macht. So begann ich nebenbei neue Bretter wie Surfskates, Balanceboards oder Skimboards zu bauen und auch neue M\u00f6bel f\u00fcr unser Campervan.<\/p><p>In den n\u00e4chsten Jahren, zusammen mit meiner Freundin Katha, haben wir beide unsere gemeinsamen Interessen stark erweitert. Wir lernten neue Sportarten wie Surfskaten, Longboarden, Balanceboarden, aber auch den Umgang mit Naturgewalten wie Wind, Wellen und Schnee auf allen Arten von Brettern. Wir surfen, skaten, wingfoilen, wingskaten, pumpfoilen, skimboarden, tanzen auf Longboards, gehen wandern, skifahren und snowskaten so viel wie m\u00f6glich. Wir sind nicht gro\u00dfartig in all diesen Dingen &#8211; aber sie machen uns viel Spa\u00df. Das sind die Dinge, die uns gl\u00fccklich machen.<\/p><p>All diese unterschiedlichen Erfahrungen haben uns sehr geholfen, unsere selbstgebauten Boards besser zu verstehen. Nachdem wir viele verschiedene Herstellungstechniken, Materialien und Formen getestet haben, waren wir so begeistert von unserem neuen Hobby, dass wir beschlossen, mehr daraus zu machen.<\/p><p>Also auf geht&#8217;s: KARA Boards ist nun ein Kleinunternehmen in Bayern und wir fertigen jedes Board in Handarbeit mit Liebe und Leidenschaft.<br \/>Unsere neue Reise beginnt jetzt. Los geht&#8217;s!<\/p><p>Katha und Raul, zusammen KARA Boards<\/p>\t\t\t\t\t\t\t\t<\/div>\n\t\t\t\t<\/div>\n\t\t\t\t\t<\/div>\n\t\t<\/div>\n\t\t\t\t\t<\/div>\n\t\t<\/section>\n\t\t\t\t\t<\/div>\n\t\t<\/div>\n\t\t\t\t\t<\/div>\n\t\t<\/section>\n\t\t\t\t<section class=\"elementor-section elementor-top-section elementor-element elementor-element-7dcd9bae elementor-section-stretched elementor-section-boxed elementor-section-height-default elementor-section-height-default\" data-id=\"7dcd9bae\" data-element_type=\"section\" data-e-type=\"section\" data-settings=\"{&quot;stretch_section&quot;:&quot;section-stretched&quot;}\">\n\t\t\t\t\t\t<div class=\"elementor-container elementor-column-gap-default\">\n\t\t\t\t\t<div class=\"elementor-column elementor-col-100 elementor-top-column elementor-element elementor-element-3c73bb7\" data-id=\"3c73bb7\" data-element_type=\"column\" data-e-type=\"column\">\n\t\t\t<div class=\"elementor-widget-wrap\">\n\t\t\t\t\t\t\t<\/div>\n\t\t<\/div>\n\t\t\t\t\t<\/div>\n\t\t<\/section>\n\t\t\t\t<\/div>\n\t\t","protected":false},"excerpt":{"rendered":"<p>SHAPE | RIDE | EXPLORE Ein paar Worte \u00fcber UNS&hellip;<\/p>\n<p> <a class=\"more-link\" href=\"https:\/\/karaboards.com\/en\/ueber_uns\/\">Read more<\/a><\/p>","protected":false},"author":1,"featured_media":0,"parent":0,"menu_order":0,"comment_status":"closed","ping_status":"closed","template":"","meta":{"footnotes":""},"class_list":["post-11095","page","type-page","status-publish"],"_links":{"self":[{"href":"https:\/\/karaboards.com\/en\/wp-json\/wp\/v2\/pages\/11095","targetHints":{"allow":["GET"]}}],"collection":[{"href":"https:\/\/karaboards.com\/en\/wp-json\/wp\/v2\/pages"}],"about":[{"href":"https:\/\/karaboards.com\/en\/wp-json\/wp\/v2\/types\/page"}],"author":[{"embeddable":true,"href":"https:\/\/karaboards.com\/en\/wp-json\/wp\/v2\/users\/1"}],"replies":[{"embeddable":true,"href":"https:\/\/karaboards.com\/en\/wp-json\/wp\/v2\/comments?post=11095"}],"version-history":[{"count":16,"href":"https:\/\/karaboards.com\/en\/wp-json\/wp\/v2\/pages\/11095\/revisions"}],"predecessor-version":[{"id":11904,"href":"https:\/\/karaboards.com\/en\/wp-json\/wp\/v2\/pages\/11095\/revisions\/11904"}],"wp:attachment":[{"href":"https:\/\/karaboards.com\/en\/wp-json\/wp\/v2\/media?parent=11095"}],"curies":[{"name":"wp","href":"https:\/\/api.w.org\/{rel}","templated":true}]}}