{"id":11837,"date":"2022-11-01T20:51:41","date_gmt":"2022-11-01T20:51:41","guid":{"rendered":"https:\/\/karaboards.live-website.com\/zahlungsweisen\/"},"modified":"2023-01-18T17:31:40","modified_gmt":"2023-01-18T17:31:40","slug":"zahlungsweisen","status":"publish","type":"page","link":"https:\/\/karaboards.com\/en\/zahlungsweisen\/","title":{"rendered":"payment methods"},"content":{"rendered":"<p><strong>Zahlungsarten<\/strong><\/p>\n<p>Wir bieten Ihnen folgende Zahlungsarten an. Suchen Sie sich einfach die f\u00fcr Sie optimale Zahlart aus. Die Servicegeb\u00fchren sind abh\u00e4ngig von der gew\u00e4hlten Zahlungsart. Die in den jeweiligen Angeboten angef\u00fchrten Preise stellen Endpreise dar. Sie beinhalten alle Preisbestandteile einschlie\u00dflich etwaig anfallender Steuern wie Mehrwertsteuer. Nur bei grenz\u00fcberschreitender Lieferung k\u00f6nnen im Einzelfall weitere Steuern (z.B. im Falle eines innergemeinschaftlichen Erwerbs) und\/oder Abgaben (z.B. Z\u00f6lle) von Ihnen zu zahlen sein, jedoch nicht an den Verk\u00e4ufer, sondern an die dort zust\u00e4ndigen Zoll- bzw. Steuerbeh\u00f6rden. Die anfallenden Liefer- und Versandkosten sind nicht im Kaufpreis enthalten, sie sind \u00fcber die Seite \u201eVersandkosten\u201c aufrufbar, werden im Laufe des Bestellvorganges gesondert ausgewiesen und sind von Ihnen zus\u00e4tzlich zu tragen.<\/p>\n<p><em>Vorkasse<\/em><\/p>\n<p>Diese Zahlungsart ist komplett kostenlos.<br \/>\nBitte \u00fcberweisen Sie den Gesamtbetrag Ihrer Bestellung auf unser Konto:<\/p>\n<p>Kontoinhaber: Raul Marksteiner<br \/>\nIBAN: DE43 1203 0000 1080 4341 50<br \/>\nBIC\/SWIFT: BYLADEM1001<br \/>\nKreditinstitut: Deutsche Kreditbank<\/p>\n<p><em>Kreditkarte \/ Sofort \/ Giropay \/ EPS<br \/>\n<\/em><\/p>\n<p>Zahlen Sie ganz einfach per Kreditkarte, Sofort, Giropay oder EPS.<br \/>\nF\u00fcr diese Zahlungsarten fallen eine Pauschalgeb\u00fchr von 0,25\u20ac und eine prozentuale Servicegeb\u00fchr von 1,5% an.<\/p>\n<p><em>PayPal<\/em><\/p>\n<p>Noch schneller und sicherer bezahlen mit ihrem PayPal-Konto.<br \/>\nF\u00fcr diese Zahlungsart f\u00e4llt eine Pauschalgeb\u00fchr von 0,5\u20ac und eine prozentuale Servicegeb\u00fchr von 3% an.<\/p>\n<p><em>Kredit-\/Debitkarte &#8211; PayPal<br \/>\n<\/em><\/p>\n<p>Zahlen Sie per Kredit- oder Debitkarte mit PayPals neuester L\u00f6sung.<br \/>\nF\u00fcr diese Zahlungsart f\u00e4llt eine Pauschalgeb\u00fchr von 0,5\u20ac und eine prozentuale Servicegeb\u00fchr von 3% an.<\/p>","protected":false},"excerpt":{"rendered":"<p>Zahlungsarten Wir bieten Ihnen folgende Zahlungsarten an. Suchen Sie sich&hellip;<\/p>\n<p> <a class=\"more-link\" href=\"https:\/\/karaboards.com\/en\/zahlungsweisen\/\">Read more<\/a><\/p>","protected":false},"author":1,"featured_media":0,"parent":0,"menu_order":0,"comment_status":"closed","ping_status":"closed","template":"","meta":{"footnotes":""},"class_list":["post-11837","page","type-page","status-publish"],"_links":{"self":[{"href":"https:\/\/karaboards.com\/en\/wp-json\/wp\/v2\/pages\/11837","targetHints":{"allow":["GET"]}}],"collection":[{"href":"https:\/\/karaboards.com\/en\/wp-json\/wp\/v2\/pages"}],"about":[{"href":"https:\/\/karaboards.com\/en\/wp-json\/wp\/v2\/types\/page"}],"author":[{"embeddable":true,"href":"https:\/\/karaboards.com\/en\/wp-json\/wp\/v2\/users\/1"}],"replies":[{"embeddable":true,"href":"https:\/\/karaboards.com\/en\/wp-json\/wp\/v2\/comments?post=11837"}],"version-history":[{"count":3,"href":"https:\/\/karaboards.com\/en\/wp-json\/wp\/v2\/pages\/11837\/revisions"}],"predecessor-version":[{"id":11964,"href":"https:\/\/karaboards.com\/en\/wp-json\/wp\/v2\/pages\/11837\/revisions\/11964"}],"wp:attachment":[{"href":"https:\/\/karaboards.com\/en\/wp-json\/wp\/v2\/media?parent=11837"}],"curies":[{"name":"wp","href":"https:\/\/api.w.org\/{rel}","templated":true}]}}