{"id":11978,"date":"2023-01-30T19:06:14","date_gmt":"2023-01-30T19:06:14","guid":{"rendered":"https:\/\/karaboards.live-website.com\/?post_type=product&#038;p=11978"},"modified":"2026-02-27T20:01:26","modified_gmt":"2026-02-27T20:01:26","slug":"custom-surfskate","status":"publish","type":"product","link":"https:\/\/karaboards.com\/en\/product\/custom-surfskate\/","title":{"rendered":"Custom Surfskate"},"content":{"rendered":"<p>Configure your dream surfskate according to your ideas.<\/p>\n<p>After placing an order, your deck will be shaped by hand and then, if desired, assembled with your choice of axles and wheels.<\/p>\n<p>Since this is real, pure handwork, your board will be shipped after max. 3 weeks, in most cases even after only 2 weeks. All you then have to do is get on your one-of-a-kind board and start skating!<\/p>\n<p>Das Brett hat eine L\u00e4nge von 85 cm (33,5&#8243;) und die Breite deiner Wahl. Es hat \u00fcberall dort, wo es notwendig ist, ein starkes Concave, also \u00fcberall dort wo deine F\u00fc\u00dfe zum Einsatz kommen. Kicktail und eine leichte Kicknose d\u00fcrfen nicht fehlen, damit du auch langfristig Spa\u00df mit dem Deck hast. Sie sorgen daf\u00fcr, dass deine Beine an der richtigen Stelle &#8222;eingerastet&#8220; sind. Besonders wenn du damit auch Tricks machen willst, sind sie sehr hilfreich.<\/p>\n<p>Our decks have an FCS-certified lengthwise and crosswise laminated Paulownia (Kiri) core, the same lightweight wood used in real wooden surfboards. This is encased in outer maple layers and the extremely beautiful, decorative natural wood veneers. There is nothing more wonderful than the beauty of Mother Nature.<br \/>\nThanks to our unique wooden layer construction, we have reduced the weight of the decks to approx. 1.5-1.7 kg, despite the large width and length as well as the additional, decorative natural wood veneers.<\/p>\n<p>All our surfskate decks are covered on the top with our transparent grip. This gives you maximum grip and safety without losing the beautiful wooden look.<\/p>\n<p>Please note that the real product may vary slightly in colour and grain from the images shown. Wood is a naturally growing product. As such, each grain is unique and cannot be controlled. We try to find a use for each decorative veneer to minimise surplus and therefore environmental impact. The colouring also depends on external influences such as light exposure.<\/p>\n<p>Have fun!<\/p>","protected":false},"excerpt":{"rendered":"<p>Konfiguriere dein Traum-Surfskate ganz nach Deinen Vorstellungen. Nach Aufgeben einer&hellip;<\/p>\n<p> <a class=\"more-link\" href=\"https:\/\/karaboards.com\/en\/product\/custom-surfskate\/\">Read more<\/a><\/p>","protected":false},"featured_media":13043,"template":"","meta":[],"product_brand":[],"product_cat":[100,99],"product_tag":[],"class_list":{"0":"post-11978","1":"product","2":"type-product","3":"status-publish","4":"has-post-thumbnail","6":"product_cat-konfiguratoren","7":"product_cat-surfskate-konfigurator-surfskates","8":"product_shipping_class-paket-5-kg","10":"first","11":"instock","12":"taxable","13":"shipping-taxable","14":"purchasable","15":"product-type-simple"},"_links":{"self":[{"href":"https:\/\/karaboards.com\/en\/wp-json\/wp\/v2\/product\/11978","targetHints":{"allow":["GET"]}}],"collection":[{"href":"https:\/\/karaboards.com\/en\/wp-json\/wp\/v2\/product"}],"about":[{"href":"https:\/\/karaboards.com\/en\/wp-json\/wp\/v2\/types\/product"}],"version-history":[{"count":1,"href":"https:\/\/karaboards.com\/en\/wp-json\/wp\/v2\/product\/11978\/revisions"}],"predecessor-version":[{"id":15280,"href":"https:\/\/karaboards.com\/en\/wp-json\/wp\/v2\/product\/11978\/revisions\/15280"}],"wp:featuredmedia":[{"embeddable":true,"href":"https:\/\/karaboards.com\/en\/wp-json\/wp\/v2\/media\/13043"}],"wp:attachment":[{"href":"https:\/\/karaboards.com\/en\/wp-json\/wp\/v2\/media?parent=11978"}],"wp:term":[{"taxonomy":"product_brand","embeddable":true,"href":"https:\/\/karaboards.com\/en\/wp-json\/wp\/v2\/product_brand?post=11978"},{"taxonomy":"product_cat","embeddable":true,"href":"https:\/\/karaboards.com\/en\/wp-json\/wp\/v2\/product_cat?post=11978"},{"taxonomy":"product_tag","embeddable":true,"href":"https:\/\/karaboards.com\/en\/wp-json\/wp\/v2\/product_tag?post=11978"}],"curies":[{"name":"wp","href":"https:\/\/api.w.org\/{rel}","templated":true}]}}