{"id":12552,"date":"2023-03-13T21:54:28","date_gmt":"2023-03-13T21:54:28","guid":{"rendered":"https:\/\/karaboards.live-website.com\/?post_type=product&#038;p=12552"},"modified":"2025-04-28T15:45:16","modified_gmt":"2025-04-28T15:45:16","slug":"carver-cx-achsenset","status":"publish","type":"product","link":"https:\/\/karaboards.com\/en\/product\/carver-cx-achsenset\/","title":{"rendered":"Carver CX Hollow Truck Set \u2013 2024 New Generation \u2013 Colour Choice"},"content":{"rendered":"<p>Carver Skateboards Hybrid Surf- und Skate-Truck. Diese Achse l\u00e4sst sich gut pumpen, jedoch nicht so einfach wie manche &#8222;Vollblut&#8220;-Surfskate Achsen. Daf\u00fcr ist sie stabiler und sie landet Airs und f\u00e4hrt auch Fakie mit mehr Stabilit\u00e4t. Das er\u00f6ffnet Luftman\u00f6ver und passt sich der neuesten Entwicklung der Airs im Surfen an. Dieses originale Carver-Design wurde schnell zum beliebtesten Surfskate-Truck der Welt und ist inzwischen von vielen alternativen Herstellern nachgeahmt.<\/p>\n<p>The truck set consists of front and rear truck, as well as risers and bolts.<\/p>","protected":false},"excerpt":{"rendered":"<p>Enjoy the new generation of original Carver surfskate trucks with hollow axles and kingpins, making them even lighter than before.<\/p>\n<p>The CX is a hybrid surf and skate truck. Simple geometry, good pumpability and low weight.<\/p>\n<p>The original from the USA has become the most popular surfskate truck in the world.<\/p>\n<p> <a class=\"more-link\" href=\"https:\/\/karaboards.com\/en\/product\/carver-cx-achsenset\/\">Read more<\/a><\/p>","protected":false},"featured_media":13339,"template":"","meta":[],"product_brand":[],"product_cat":[118],"product_tag":[122,150,153,151,129,130,152,133,91,120,123,124,121,131,132,127,125,126],"class_list":{"0":"post-12552","1":"product","2":"type-product","3":"status-publish","4":"has-post-thumbnail","6":"product_cat-trucks","7":"product_tag-achse","8":"product_tag-carver","9":"product_tag-carver-cx","10":"product_tag-carver-skateboards","11":"product_tag-carving","12":"product_tag-carving-truck","13":"product_tag-cx","14":"product_tag-skateboard-truck","15":"product_tag-surfskate","16":"product_tag-surfskate-achse","17":"product_tag-surfskate-truck","18":"product_tag-surfskate-trucks","19":"product_tag-surfskateachse","20":"product_tag-surfskatetruck","21":"product_tag-surfskatetrucks","22":"product_tag-surfskating","23":"product_tag-truck","24":"product_tag-trucks","25":"product_shipping_class-paket-5-kg","27":"first","28":"instock","29":"sale","30":"taxable","31":"shipping-taxable","32":"purchasable","33":"product-type-variable"},"_links":{"self":[{"href":"https:\/\/karaboards.com\/en\/wp-json\/wp\/v2\/product\/12552","targetHints":{"allow":["GET"]}}],"collection":[{"href":"https:\/\/karaboards.com\/en\/wp-json\/wp\/v2\/product"}],"about":[{"href":"https:\/\/karaboards.com\/en\/wp-json\/wp\/v2\/types\/product"}],"version-history":[{"count":1,"href":"https:\/\/karaboards.com\/en\/wp-json\/wp\/v2\/product\/12552\/revisions"}],"predecessor-version":[{"id":14411,"href":"https:\/\/karaboards.com\/en\/wp-json\/wp\/v2\/product\/12552\/revisions\/14411"}],"wp:featuredmedia":[{"embeddable":true,"href":"https:\/\/karaboards.com\/en\/wp-json\/wp\/v2\/media\/13339"}],"wp:attachment":[{"href":"https:\/\/karaboards.com\/en\/wp-json\/wp\/v2\/media?parent=12552"}],"wp:term":[{"taxonomy":"product_brand","embeddable":true,"href":"https:\/\/karaboards.com\/en\/wp-json\/wp\/v2\/product_brand?post=12552"},{"taxonomy":"product_cat","embeddable":true,"href":"https:\/\/karaboards.com\/en\/wp-json\/wp\/v2\/product_cat?post=12552"},{"taxonomy":"product_tag","embeddable":true,"href":"https:\/\/karaboards.com\/en\/wp-json\/wp\/v2\/product_tag?post=12552"}],"curies":[{"name":"wp","href":"https:\/\/api.w.org\/{rel}","templated":true}]}}