{"id":12578,"date":"2023-03-14T21:08:47","date_gmt":"2023-03-14T21:08:47","guid":{"rendered":"https:\/\/karaboards.live-website.com\/?post_type=product&#038;p=12578"},"modified":"2023-03-14T21:45:16","modified_gmt":"2023-03-14T21:45:16","slug":"jucker-hawaii-foam-balls-65mm-80a-cp40-black","status":"publish","type":"product","link":"https:\/\/karaboards.com\/en\/product\/jucker-hawaii-foam-balls-65mm-80a-cp40-black\/","title":{"rendered":"JUCKER HAWAII FOAM BALLS 65mm 80A CP40 Black"},"content":{"rendered":"<p>&#8222;Street Juice&#8220; heisst die neue Polyurethan Mischung von Jucker Hawaii, die trotz solider H\u00e4rte den n\u00f6tigen Grip und eine satte Rollgeschwindigkeit auf die Stra\u00dfe bringt. Die bereits angeraute Oberfl\u00e4che und die abgerundeten Lips setzen klare Priorit\u00e4ten: Eat Sleep Slide Repeat.<\/p>\n<p>The 65mm make the FOAM BALLS a very agile, but also fast accelerating longboard wheel. This way, you'll get back into the swing of things quickly after sliding.<\/p>\n<p>The offset makes them extremely slip-friendly and allows for a correspondingly long slide.<\/p>\n<p>The roughened surface (Stoneground Finish) helps you get into the slide smoothly right from the start.<\/p>\n<p>In summary, the FOAMBALLS are a very smooth slide wheel that does not want to break any top speed records, but convinces with its manoeuvrability and slide performance.<\/p>","protected":false},"excerpt":{"rendered":"<p>We recommend these rolls if your priority is pretty clearly sliding.<\/p>\n<p> <a class=\"more-link\" href=\"https:\/\/karaboards.com\/en\/product\/jucker-hawaii-foam-balls-65mm-80a-cp40-black\/\">Read more<\/a><\/p>","protected":false},"featured_media":12572,"template":"","meta":[],"product_brand":[],"product_cat":[119],"product_tag":[163,148,139,136,145,144,143,167,168,169,91,138,142,146,147,140],"class_list":{"0":"post-12578","1":"product","2":"type-product","3":"status-publish","4":"has-post-thumbnail","6":"product_cat-wheels-bearings","7":"product_tag-jucker-hawaii","8":"product_tag-polyurethan-rollen","9":"product_tag-raeder","10":"product_tag-rollen","11":"product_tag-skateboardraeder","12":"product_tag-skateboardrollen","13":"product_tag-skatewheels","14":"product_tag-slide","15":"product_tag-slide-rollen","16":"product_tag-slide-wheels","17":"product_tag-surfskate","18":"product_tag-surfskate-rollen","19":"product_tag-surfskate-wheels","20":"product_tag-urethane","21":"product_tag-urethane-wheels","22":"product_tag-wheels","23":"product_shipping_class-paket-2-kg","25":"first","26":"instock","27":"taxable","28":"shipping-taxable","29":"purchasable","30":"product-type-simple"},"_links":{"self":[{"href":"https:\/\/karaboards.com\/en\/wp-json\/wp\/v2\/product\/12578","targetHints":{"allow":["GET"]}}],"collection":[{"href":"https:\/\/karaboards.com\/en\/wp-json\/wp\/v2\/product"}],"about":[{"href":"https:\/\/karaboards.com\/en\/wp-json\/wp\/v2\/types\/product"}],"version-history":[{"count":1,"href":"https:\/\/karaboards.com\/en\/wp-json\/wp\/v2\/product\/12578\/revisions"}],"predecessor-version":[{"id":12579,"href":"https:\/\/karaboards.com\/en\/wp-json\/wp\/v2\/product\/12578\/revisions\/12579"}],"wp:featuredmedia":[{"embeddable":true,"href":"https:\/\/karaboards.com\/en\/wp-json\/wp\/v2\/media\/12572"}],"wp:attachment":[{"href":"https:\/\/karaboards.com\/en\/wp-json\/wp\/v2\/media?parent=12578"}],"wp:term":[{"taxonomy":"product_brand","embeddable":true,"href":"https:\/\/karaboards.com\/en\/wp-json\/wp\/v2\/product_brand?post=12578"},{"taxonomy":"product_cat","embeddable":true,"href":"https:\/\/karaboards.com\/en\/wp-json\/wp\/v2\/product_cat?post=12578"},{"taxonomy":"product_tag","embeddable":true,"href":"https:\/\/karaboards.com\/en\/wp-json\/wp\/v2\/product_tag?post=12578"}],"curies":[{"name":"wp","href":"https:\/\/api.w.org\/{rel}","templated":true}]}}