{"id":12620,"date":"2023-03-16T18:49:08","date_gmt":"2023-03-16T18:49:08","guid":{"rendered":"https:\/\/karaboards.live-website.com\/?post_type=product&#038;p=12620"},"modified":"2024-01-04T18:33:07","modified_gmt":"2024-01-04T18:33:07","slug":"snowskate-skateboard-kufen-set","status":"publish","type":"product","link":"https:\/\/karaboards.com\/en\/product\/snowskate-skateboard-kufen-set\/","title":{"rendered":"Snowskate \/ Skateboard Skid Set"},"content":{"rendered":"<p>These snow skids for skateboards are our own development. The long, snowy and therefore skate-free winter months in the Allg\u00e4u region have taken their toll on us. The following idea arose from this hardship: Remove skateboard wheels and instead mount runners with integrated ball bearings on the same surfskate truck system. The sledding hill around the corner can already be converted into a winter skate park.<\/p>\n<p><img fetchpriority=\"high\" decoding=\"async\" class=\"details-image aligncenter\" draggable=\"false\" src=\"https:\/\/karaboards.com\/wp-content\/uploads\/2023\/03\/VID_20180103_210021_00_008_2023-03-16_15-53-58_screenshot-e1678988538529-1024x474.jpg\" alt=\"\" width=\"734\" height=\"340\" \/><\/p>\n<p>The idea was simple, but as with every invention, there were a few initial difficulties.<br \/>\nOn the one hand, such skids were not available for purchase. So we had to use our own 3D printer to develop some prototypes. After a few iterations, we were satisfied with the shape and found that it works really well on small hills with relatively hard snow.<br \/>\nDie zweite Schwierigkeit war, dass Decks mit Standard-Grip nach einigen Abfahrten einfach rutschig werden. Nachdem wir auch dieses Problem durch eine Art &#8222;Spikes&#8220;-L\u00f6sung gel\u00f6st haben, stand dem neuen Winter-Spa\u00df nichts mehr im Weg! Wir freuen uns jeden Winter, wenn wir ideale Bedingungen f\u00fcr diese neue Sportart haben.<\/p>\n<p>But not only on small hills, also on flat tracks we have fun as passionate wingfoilers with our wings and the snowskates during winter.<\/p>\n<p><img decoding=\"async\" class=\"details-image aligncenter\" draggable=\"false\" src=\"https:\/\/karaboards.com\/wp-content\/uploads\/2023\/03\/VID_20230123_125516_00_046_2023-03-16_15-59-56_snowskate_wing-1024x397.jpg\" alt=\"\" width=\"766\" height=\"297\" \/><\/p>","protected":false},"excerpt":{"rendered":"<p>These specially developed runners with integrated ball bearings can be mounted on your skateboard instead of your wheels.<br \/>\nThe sledding hill around the corner can already be converted into a winter skate park.<\/p>\n<p> <a class=\"more-link\" href=\"https:\/\/karaboards.com\/en\/product\/snowskate-skateboard-kufen-set\/\">Read more<\/a><\/p>","protected":false},"featured_media":12625,"template":"","meta":[],"product_brand":[],"product_cat":[191],"product_tag":[195,201,193,198,196,194,200,192,199,202,197],"class_list":{"0":"post-12620","1":"product","2":"type-product","3":"status-publish","4":"has-post-thumbnail","6":"product_cat-snowskate-kufen","7":"product_tag-hooves","8":"product_tag-hufen","9":"product_tag-kufen","10":"product_tag-schneeskateboard","11":"product_tag-skateboard","12":"product_tag-skid","13":"product_tag-snow","14":"product_tag-snowskate","15":"product_tag-snowskateboard","16":"product_tag-winter","17":"product_tag-winterskate","18":"product_shipping_class-paket-2-kg","20":"first","21":"instock","22":"taxable","23":"shipping-taxable","24":"purchasable","25":"product-type-simple"},"_links":{"self":[{"href":"https:\/\/karaboards.com\/en\/wp-json\/wp\/v2\/product\/12620","targetHints":{"allow":["GET"]}}],"collection":[{"href":"https:\/\/karaboards.com\/en\/wp-json\/wp\/v2\/product"}],"about":[{"href":"https:\/\/karaboards.com\/en\/wp-json\/wp\/v2\/types\/product"}],"version-history":[{"count":1,"href":"https:\/\/karaboards.com\/en\/wp-json\/wp\/v2\/product\/12620\/revisions"}],"predecessor-version":[{"id":12930,"href":"https:\/\/karaboards.com\/en\/wp-json\/wp\/v2\/product\/12620\/revisions\/12930"}],"wp:featuredmedia":[{"embeddable":true,"href":"https:\/\/karaboards.com\/en\/wp-json\/wp\/v2\/media\/12625"}],"wp:attachment":[{"href":"https:\/\/karaboards.com\/en\/wp-json\/wp\/v2\/media?parent=12620"}],"wp:term":[{"taxonomy":"product_brand","embeddable":true,"href":"https:\/\/karaboards.com\/en\/wp-json\/wp\/v2\/product_brand?post=12620"},{"taxonomy":"product_cat","embeddable":true,"href":"https:\/\/karaboards.com\/en\/wp-json\/wp\/v2\/product_cat?post=12620"},{"taxonomy":"product_tag","embeddable":true,"href":"https:\/\/karaboards.com\/en\/wp-json\/wp\/v2\/product_tag?post=12620"}],"curies":[{"name":"wp","href":"https:\/\/api.w.org\/{rel}","templated":true}]}}