{"id":12724,"date":"2023-03-20T19:28:20","date_gmt":"2023-03-20T19:28:20","guid":{"rendered":"https:\/\/karaboards.com\/?post_type=product&#038;p=12724"},"modified":"2023-04-15T17:56:11","modified_gmt":"2023-04-15T17:56:11","slug":"surfskate-deck-classic-walnuss-apfel","status":"publish","type":"product","link":"https:\/\/karaboards.com\/en\/product\/surfskate-deck-classic-walnuss-apfel\/","title":{"rendered":"Surfskate Deck Classic Walnuss-Apfel"},"content":{"rendered":"<p>This is a standard version of our complete decks. If you want to design your own individual board (visually and functionally), we recommend you our <a href=\"https:\/\/karaboards.com\/en\/product\/custom-surfskate\/\">Surfskate Configurator<\/a>. Alternatively, you can also contact us via our <a href=\"https:\/\/karaboards.com\/en\/kontakt\/\">Contact form<\/a> or send us an e-mail.<\/p>\n<p>Our standard surfskate decks are designed for maximum compatibility with almost all common surfskate trucks. They have a variable wheelbase between 418 and 472mm (16,5\u2033-18,5\u2033). This allows you to adjust the position of the front axle according to your needs or depending on the truck geometry.<\/p>\n<p>We have already tested the following trucks with our decks:<br \/>\n\u2013 Carver CX, C5 &amp; C7<br \/>\n\u2013 Curfboard<br \/>\n\u2013 YOW Meraki<br \/>\n\u2013 Aquilo<br \/>\n\u2013 Smoothstar Thruster<br \/>\n\u2013 Jucker Hawaii Rugged2<br \/>\n\u2013 Slide Surfskates<\/p>\n<p>Die Decks haben eine L\u00e4nge von 85 cm (33,5&#8243;) und eine Breite von 25 cm (10&#8243;). Sie haben \u00fcberall dort, wo es notwendig ist, ein starkes Concave, also \u00fcberall dort wo deine F\u00fc\u00dfe zum Einsatz kommen. Kicktail und eine leichte Kicknose d\u00fcrfen nicht fehlen, damit du auch langfristig Spa\u00df mit dem Deck hast. Sie sorgen daf\u00fcr, dass deine Beine an der richtigen Stelle &#8222;eingerastet&#8220; sind. Besonders wenn du damit auch Tricks machen willst, sind sie sehr hilfreich.<\/p>\n<p>Our decks have an FCS-certified lengthwise and crosswise laminated Paulownia (Kiri) core, the same lightweight wood used in real wooden surfboards. This is encased in outer maple layers and the extremely beautiful, decorative natural wood veneers. There is nothing more wonderful than the beauty of Mother Nature.<br \/>\nThanks to our unique wooden layer construction, we have reduced the weight of the decks to approx. 1.5-1.7 kg, despite the large width and length as well as the additional, decorative natural wood veneers.<\/p>\n<p>All our decks are varnished on the top with our transparent grip. This gives you maximum grip and safety without losing the beautiful wooden look.<\/p>\n<p>Please note that the real product may vary slightly in colour and grain from the images shown. Wood is a naturally growing product. As such, each grain is unique and cannot be controlled. We try to find a use for each decorative veneer to minimise surplus and therefore environmental impact. The colouring also depends on external influences such as light exposure.<\/p>\n<p>It may be that some decks are already in stock. However, as we are a very small company and we do not want to produce excess, some boards may also only be finished on request. All boards are made by hand. This may result in a delivery time of 2 weeks.<br \/>\nIf you would like to receive your board extra quickly and shorten the delivery time, please send an e-mail to info@karaboards.com or contact us via the <a href=\"https:\/\/karaboards.com\/en\/kontakt\/\">Contact Form<\/a>. We will then try our best to shorten the delivery time.<\/p>","protected":false},"excerpt":{"rendered":"<p>This surfskate deck made of natural wood veneers is not only beautiful, but with its dimensions of 85\u00d725 cm (33,5\u2033x10\u2033) and a surfskate optimised shape with variable wheelbase ideal for almost all body sizes, skill levels and surfskate truck systems.<\/p>\n<p> <a class=\"more-link\" href=\"https:\/\/karaboards.com\/en\/product\/surfskate-deck-classic-walnuss-apfel\/\">Read more<\/a><\/p>","protected":false},"featured_media":12725,"template":"","meta":[],"product_brand":[],"product_cat":[88],"product_tag":[236,237,205,242,239,227,229,209,208,204,228,230,196,238,241,218,217,221,223,91,240,127,226,212,210,211,222,207,206],"class_list":{"0":"post-12724","1":"product","2":"type-product","3":"status-publish","4":"has-post-thumbnail","6":"product_cat-surfskate-decks","7":"product_tag-apfel","8":"product_tag-apple","9":"product_tag-board","10":"product_tag-brett","11":"product_tag-deck","12":"product_tag-eco","13":"product_tag-ecologic","14":"product_tag-furnier","15":"product_tag-holz","16":"product_tag-naturholz","17":"product_tag-oeko","18":"product_tag-oekologisch","19":"product_tag-skateboard","20":"product_tag-skateboarding","21":"product_tag-skatedeck","22":"product_tag-sportbrett","23":"product_tag-sportgeraet","24":"product_tag-surfen","25":"product_tag-surfing","26":"product_tag-surfskate","27":"product_tag-surfskate-deck","28":"product_tag-surfskating","29":"product_tag-training","30":"product_tag-veneer","31":"product_tag-walnuss","32":"product_tag-walnut","33":"product_tag-wellenreiten","34":"product_tag-wood","35":"product_tag-wooden-board","36":"product_shipping_class-paket-5-kg","38":"first","39":"instock","40":"taxable","41":"shipping-taxable","42":"purchasable","43":"product-type-simple"},"_links":{"self":[{"href":"https:\/\/karaboards.com\/en\/wp-json\/wp\/v2\/product\/12724","targetHints":{"allow":["GET"]}}],"collection":[{"href":"https:\/\/karaboards.com\/en\/wp-json\/wp\/v2\/product"}],"about":[{"href":"https:\/\/karaboards.com\/en\/wp-json\/wp\/v2\/types\/product"}],"version-history":[{"count":1,"href":"https:\/\/karaboards.com\/en\/wp-json\/wp\/v2\/product\/12724\/revisions"}],"predecessor-version":[{"id":12859,"href":"https:\/\/karaboards.com\/en\/wp-json\/wp\/v2\/product\/12724\/revisions\/12859"}],"wp:featuredmedia":[{"embeddable":true,"href":"https:\/\/karaboards.com\/en\/wp-json\/wp\/v2\/media\/12725"}],"wp:attachment":[{"href":"https:\/\/karaboards.com\/en\/wp-json\/wp\/v2\/media?parent=12724"}],"wp:term":[{"taxonomy":"product_brand","embeddable":true,"href":"https:\/\/karaboards.com\/en\/wp-json\/wp\/v2\/product_brand?post=12724"},{"taxonomy":"product_cat","embeddable":true,"href":"https:\/\/karaboards.com\/en\/wp-json\/wp\/v2\/product_cat?post=12724"},{"taxonomy":"product_tag","embeddable":true,"href":"https:\/\/karaboards.com\/en\/wp-json\/wp\/v2\/product_tag?post=12724"}],"curies":[{"name":"wp","href":"https:\/\/api.w.org\/{rel}","templated":true}]}}