{"id":12740,"date":"2023-03-21T14:41:28","date_gmt":"2023-03-21T14:41:28","guid":{"rendered":"https:\/\/karaboards.com\/?post_type=product&#038;p=12740"},"modified":"2023-04-15T17:56:02","modified_gmt":"2023-04-15T17:56:02","slug":"surfskate-classic-walnuss-esche-rugged-2","status":"publish","type":"product","link":"https:\/\/karaboards.com\/en\/product\/surfskate-classic-walnuss-esche-rugged-2\/","title":{"rendered":"Surfskate Classic Walnut-Ash + Rugged 2"},"content":{"rendered":"<p>This is a standard version of our complete surfskates. If you want to design your own individual board (visually and functionally), we recommend you our <a href=\"https:\/\/karaboards.com\/en\/product\/custom-surfskate\/\">Surfskate Configurator<\/a>. Alternatively, you can also contact us via our <a href=\"https:\/\/karaboards.com\/en\/kontakt\/\">Contact form<\/a> or send us an e-mail.<\/p>\n<p>Das Deck hat eine L\u00e4nge von 85 cm (33,5&#8243;) und eine Breite von 25 cm (10&#8243;). Es hat \u00fcberall dort, wo es notwendig ist, ein starkes Concave, also \u00fcberall dort wo deine F\u00fc\u00dfe zum Einsatz kommen. Kicktail und eine leichte Kicknose d\u00fcrfen nicht fehlen, damit du auch langfristig Spa\u00df mit dem Deck hast. Sie sorgen daf\u00fcr, dass deine Beine an der richtigen Stelle &#8222;eingerastet&#8220; sind. Besonders wenn du damit auch Tricks machen willst, sind sie sehr hilfreich.<\/p>\n<p>The Rugged 2 truck is our recommendation for the beginning: inexpensive, but still qualitatively and visually high-class. The functionality of these trucks is similar to a Carver CX setup. They offer a perfect mix of surfing, skateboarding and longboarding.<\/p>\n<p>The 65mm make the FOAM BALLS wheels from Jucker Hawaii a very agile, but also fast accelerating surfskate and longboard wheel. This way, you'll get back into the swing of things quickly after sliding.<\/p>\n<p>Our decks have an FCS-certified lengthwise and crosswise laminated Paulownia (Kiri) core, the same lightweight wood used in real wooden surfboards. This is encased in outer maple layers and the extremely beautiful, decorative natural wood veneers. There is nothing more wonderful than the beauty of Mother Nature.<br \/>\nThanks to our unique wooden layer construction, we have reduced the weight of the decks to approx. 1.5-1.7 kg, despite the large width and length as well as the additional, decorative natural wood veneers.<\/p>\n<p>All our surfskate decks are covered on the top with our transparent grip. This gives you maximum grip and safety without losing the beautiful wooden look.<\/p>\n<p>Please note that the real product may vary slightly in colour and grain from the images shown. Wood is a naturally growing product. As such, each grain is unique and cannot be controlled. We try to find a use for each decorative veneer to minimise surplus and therefore environmental impact. The colouring also depends on external influences such as light exposure.<\/p>\n<p>It may be that some decks are already in stock. However, as we are a very small company and we do not want to produce excess, some boards may also only be finished on request. All boards are made by hand. This may result in a delivery time of 2 weeks.<br \/>\nIf you would like to receive your board extra quickly and shorten the delivery time, please send an e-mail to info@karaboards.com or contact us via the <a href=\"https:\/\/karaboards.com\/en\/kontakt\/\">Contact Form<\/a>. We will then try our best to shorten the delivery time.<\/p>","protected":false},"excerpt":{"rendered":"<p>Our entry-level package: A beautiful walnut-ash surfskate deck combined with the affordable but still high quality Rugged 2 trucks and Foam Balls wheels from Jucker Hawaii.<\/p>\n<p> <a class=\"more-link\" href=\"https:\/\/karaboards.com\/en\/product\/surfskate-classic-walnuss-esche-rugged-2\/\">Read more<\/a><\/p>","protected":false},"featured_media":12741,"template":"","meta":[],"product_brand":[],"product_cat":[83],"product_tag":[235,205,242,239,227,229,234,248,209,208,163,204,228,230,247,164,196,238,241,218,217,221,223,91,240,127,226,212,210,211,222,207,206],"class_list":{"0":"post-12740","1":"product","2":"type-product","3":"status-publish","4":"has-post-thumbnail","6":"product_cat-surfskate-completes","7":"product_tag-ash","8":"product_tag-board","9":"product_tag-brett","10":"product_tag-deck","11":"product_tag-eco","12":"product_tag-ecologic","13":"product_tag-esche","14":"product_tag-foam-balls","15":"product_tag-furnier","16":"product_tag-holz","17":"product_tag-jucker-hawaii","18":"product_tag-naturholz","19":"product_tag-oeko","20":"product_tag-oekologisch","21":"product_tag-rugged-2","22":"product_tag-rugged2","23":"product_tag-skateboard","24":"product_tag-skateboarding","25":"product_tag-skatedeck","26":"product_tag-sportbrett","27":"product_tag-sportgeraet","28":"product_tag-surfen","29":"product_tag-surfing","30":"product_tag-surfskate","31":"product_tag-surfskate-deck","32":"product_tag-surfskating","33":"product_tag-training","34":"product_tag-veneer","35":"product_tag-walnuss","36":"product_tag-walnut","37":"product_tag-wellenreiten","38":"product_tag-wood","39":"product_tag-wooden-board","40":"product_shipping_class-paket-5-kg","42":"first","43":"instock","44":"taxable","45":"shipping-taxable","46":"purchasable","47":"product-type-simple"},"_links":{"self":[{"href":"https:\/\/karaboards.com\/en\/wp-json\/wp\/v2\/product\/12740","targetHints":{"allow":["GET"]}}],"collection":[{"href":"https:\/\/karaboards.com\/en\/wp-json\/wp\/v2\/product"}],"about":[{"href":"https:\/\/karaboards.com\/en\/wp-json\/wp\/v2\/types\/product"}],"version-history":[{"count":0,"href":"https:\/\/karaboards.com\/en\/wp-json\/wp\/v2\/product\/12740\/revisions"}],"wp:featuredmedia":[{"embeddable":true,"href":"https:\/\/karaboards.com\/en\/wp-json\/wp\/v2\/media\/12741"}],"wp:attachment":[{"href":"https:\/\/karaboards.com\/en\/wp-json\/wp\/v2\/media?parent=12740"}],"wp:term":[{"taxonomy":"product_brand","embeddable":true,"href":"https:\/\/karaboards.com\/en\/wp-json\/wp\/v2\/product_brand?post=12740"},{"taxonomy":"product_cat","embeddable":true,"href":"https:\/\/karaboards.com\/en\/wp-json\/wp\/v2\/product_cat?post=12740"},{"taxonomy":"product_tag","embeddable":true,"href":"https:\/\/karaboards.com\/en\/wp-json\/wp\/v2\/product_tag?post=12740"}],"curies":[{"name":"wp","href":"https:\/\/api.w.org\/{rel}","templated":true}]}}